{"id":477,"date":"2025-08-25T14:58:22","date_gmt":"2025-08-25T14:58:22","guid":{"rendered":"https:\/\/rosetta-omics.com\/?page_id=477"},"modified":"2025-09-17T10:49:43","modified_gmt":"2025-09-17T10:49:43","slug":"resoursces","status":"publish","type":"page","link":"https:\/\/rosetta-omics.com\/?page_id=477","title":{"rendered":"List of Publications"},"content":{"rendered":"\t\t<div data-elementor-type=\"wp-page\" data-elementor-id=\"477\" class=\"elementor elementor-477\" data-elementor-post-type=\"page\">\n\t\t\t\t<div class=\"elementor-element elementor-element-3c799abc e-flex e-con-boxed e-con e-parent\" data-id=\"3c799abc\" data-element_type=\"container\">\n\t\t\t\t\t<div class=\"e-con-inner\">\n\t\t\t\t<div class=\"elementor-element elementor-element-f444937 elementor-widget elementor-widget-heading\" data-id=\"f444937\" data-element_type=\"widget\" data-widget_type=\"heading.default\">\n\t\t\t\t<div class=\"elementor-widget-container\">\n\t\t\t\t\t<h2 class=\"elementor-heading-title elementor-size-default\">List of publications<\/h2>\t\t\t\t<\/div>\n\t\t\t\t<\/div>\n\t\t\t\t<div class=\"elementor-element elementor-element-7129284 elementor-widget elementor-widget-spacer\" data-id=\"7129284\" data-element_type=\"widget\" data-widget_type=\"spacer.default\">\n\t\t\t\t<div class=\"elementor-widget-container\">\n\t\t\t\t\t\t\t<div class=\"elementor-spacer\">\n\t\t\t<div class=\"elementor-spacer-inner\"><\/div>\n\t\t<\/div>\n\t\t\t\t\t\t<\/div>\n\t\t\t\t<\/div>\n\t\t\t\t<div class=\"elementor-element elementor-element-2b05321 elementor-widget elementor-widget-image\" data-id=\"2b05321\" data-element_type=\"widget\" data-widget_type=\"image.default\">\n\t\t\t\t<div class=\"elementor-widget-container\">\n\t\t\t\t\t\t\t\t\t\t\t\t\t\t\t<img fetchpriority=\"high\" decoding=\"async\" width=\"770\" height=\"1024\" src=\"https:\/\/rosetta-omics.com\/wp-content\/uploads\/2025\/08\/Screenshot-2025-08-27-at-5.52.59-PM-e1757515519830-770x1024.png\" class=\"attachment-large size-large wp-image-785\" alt=\"\" srcset=\"https:\/\/rosetta-omics.com\/wp-content\/uploads\/2025\/08\/Screenshot-2025-08-27-at-5.52.59-PM-e1757515519830-770x1024.png 770w, https:\/\/rosetta-omics.com\/wp-content\/uploads\/2025\/08\/Screenshot-2025-08-27-at-5.52.59-PM-e1757515519830-226x300.png 226w, https:\/\/rosetta-omics.com\/wp-content\/uploads\/2025\/08\/Screenshot-2025-08-27-at-5.52.59-PM-e1757515519830-768x1021.png 768w, https:\/\/rosetta-omics.com\/wp-content\/uploads\/2025\/08\/Screenshot-2025-08-27-at-5.52.59-PM-e1757515519830-1156x1536.png 1156w, https:\/\/rosetta-omics.com\/wp-content\/uploads\/2025\/08\/Screenshot-2025-08-27-at-5.52.59-PM-e1757515519830.png 1264w\" sizes=\"(max-width: 770px) 100vw, 770px\" \/>\t\t\t\t\t\t\t\t\t\t\t\t\t\t\t<\/div>\n\t\t\t\t<\/div>\n\t\t\t\t<div class=\"elementor-element elementor-element-7cf988f elementor-widget elementor-widget-text-editor\" data-id=\"7cf988f\" data-element_type=\"widget\" data-widget_type=\"text-editor.default\">\n\t\t\t\t<div class=\"elementor-widget-container\">\n\t\t\t\t\t\t\t\t\t<div>N. Sultan, R. Jacobs, T. Mazard, S. Emerit, W. Jacot, M. Vandenbosch, K. Adam, &#8220;Retrospective molecular profiling of MSI colorectal cancer through spatial multiomic mass spectrometry for predictive correlation to immunotherapy with AI&#8221;. Poster presented at the 3rd edition of the AI for Oncology conference, Milan Italy, May 2025.&nbsp;<a href=\"https:\/\/www.aiforoncology.it\/\" target=\"_blank\" data-saferedirecturl=\"https:\/\/www.google.com\/url?q=https:\/\/www.aiforoncology.it\/&amp;source=gmail&amp;ust=1756458091956000&amp;usg=AOvVaw3P6pT4KXvjKmzYMBpNOIrv\" style=\"color: rgb(17, 85, 204);\">https:\/\/www.aiforoncology.it\/<\/a><\/div>\t\t\t\t\t\t\t\t<\/div>\n\t\t\t\t<\/div>\n\t\t\t\t<div class=\"elementor-element elementor-element-782cb727 elementor-widget elementor-widget-text-editor\" data-id=\"782cb727\" data-element_type=\"widget\" data-widget_type=\"text-editor.default\">\n\t\t\t\t<div class=\"elementor-widget-container\">\n\t\t\t\t\t\t\t\t\t<p><!-- \/wp:paragraph --><\/p><p><!-- wp:paragraph --><\/p><p><a href=\"https:\/\/pubmed.ncbi.nlm.nih.gov\/29562234\/\">The protein histidine phosphatase LHPP is a tumour suppressor.<\/a><\/p><p><!-- \/wp:paragraph --><\/p><p><!-- wp:paragraph --><\/p><p>Hindupur SK, Colombi M, Fuhs SR, Matter MS, Guri Y, Adam K, Cornu M, Piscuoglio S, Ng CKY, Betz C, Liko D, Quagliata L, Moes S, Jenoe P, Terracciano LM, Heim MH, Hunter T, Hall MN. Nature. 2018 Mar 29;555(7698):678-682. doi: 10.1038\/nature26140. Epub 2018 Mar 21. PMID: 29562234 Free PMC article.<\/p><p><!-- \/wp:paragraph --><\/p><p><!-- wp:paragraph --><\/p><p><a href=\"https:\/\/pubmed.ncbi.nlm.nih.gov\/32823988\/\">NME\/NM23\/NDPK and Histidine Phosphorylation.<\/a><\/p><p><!-- \/wp:paragraph --><\/p><p><!-- wp:paragraph --><\/p><p>Adam K, Ning J, Reina J, Hunter T. Int J Mol Sci. 2020 Aug 14;21(16):5848. doi: 10.3390\/ijms21165848. PMID: 32823988 Free PMC article. Review.<\/p><p><!-- \/wp:paragraph --><\/p><p><!-- wp:paragraph --><\/p><p><a href=\"https:\/\/pubmed.ncbi.nlm.nih.gov\/32392889\/\">The Potential Functional Roles of NME1 Histidine Kinase Activity in Neuroblastoma Pathogenesis.<\/a><\/p><p><!-- \/wp:paragraph --><\/p><p><!-- wp:paragraph --><\/p><p>Adam K, Lesperance J, Hunter T, Zage PE. Int J Mol Sci. 2020 May 7;21(9):3319. doi: 10.3390\/ijms21093319. PMID: 32392889 Free PMC article.<\/p><p><!-- \/wp:paragraph --><\/p><p><!-- wp:paragraph --><\/p><p><a href=\"https:\/\/pubmed.ncbi.nlm.nih.gov\/31707661\/\">Subcellular Localization of Histidine Phosphorylated Proteins Through Indirect Immunofluorescence.<\/a><\/p><p><!-- \/wp:paragraph --><\/p><p><!-- wp:paragraph --><\/p><p>Adam K, Hunter T. Methods Mol Biol. 2020;2077:209-224. doi: 10.1007\/978-1-4939-9884-5_14. PMID: 31707661 Free PMC article.<\/p><p><!-- \/wp:paragraph --><\/p><p><!-- wp:paragraph --><\/p><p><a href=\"https:\/\/pubmed.ncbi.nlm.nih.gov\/31707659\/\">Empirical Evidence of Cellular Histidine Phosphorylation by Immunoblotting Using pHis mAbs.<\/a><\/p><p><!-- \/wp:paragraph --><\/p><p><!-- wp:paragraph --><\/p><p>Kalagiri R, Adam K, Hunter T. Methods Mol Biol. 2020;2077:181-191. doi: 10.1007\/978-1-4939-9884-5_12. PMID: 31707659 Free PMC article.<\/p><p><!-- \/wp:paragraph --><\/p><p><!-- wp:paragraph --><\/p><p><a href=\"https:\/\/www.biorxiv.org\/content\/10.1101\/691352v1\">A non-acidic method using hydroxyapatite and phosphohistidine monoclonal antibodies allows enrichment of phosphopeptides containing non-conventional phosphorylations for mass spectrometry analysis<\/a><\/p><p><!-- \/wp:paragraph --><\/p><p><!-- wp:paragraph --><\/p><p>K. Adam, S. Fuhs, J. Meisenhelder, A. Aslanian, J. Diedrich, J. Moresco, J. La Clair, J.R. Yates III, T. Hunter<\/p><p><!-- \/wp:paragraph --><\/p><p><!-- wp:paragraph --><\/p><p>bioRxiv 691352; doi: https:\/\/doi.org\/10.1101\/691352<\/p><p><!-- \/wp:paragraph --><\/p><p><!-- wp:paragraph --><\/p><p><a href=\"https:\/\/pubmed.ncbi.nlm.nih.gov\/29976560\/\">A PIM-CHK1 signaling pathway regulates PLK1 phosphorylation and function during mitosis.<\/a><\/p><p><!-- \/wp:paragraph --><\/p><p><!-- wp:paragraph --><\/p><p>Adam K, Cartel M, Lambert M, David L, Yuan L, Besson A, Mayeux P, Manenti S, Didier C. J Cell Sci. 2018 Aug 10;131(15):jcs213116. doi: 10.1242\/jcs.213116. PMID: 29976560<\/p><p><!-- \/wp:paragraph --><\/p><p><!-- wp:paragraph --><\/p><p><a href=\"https:\/\/pubmed.ncbi.nlm.nih.gov\/29058706\/\">Histidine kinases and the missing phosphoproteome from prokaryotes to eukaryotes.<\/a><\/p><p><!-- \/wp:paragraph --><\/p><p><!-- wp:paragraph --><\/p><p>Adam K, Hunter T. Lab Invest. 2018 Feb;98(2):233-247. doi: 10.1038\/labinvest.2017.118. Epub 2017 Oct 23. PMID: 29058706 Free PMC article. Review.<\/p><p><!-- \/wp:paragraph --><\/p><p><!-- wp:paragraph --><\/p><p><a href=\"https:\/\/pubmed.ncbi.nlm.nih.gov\/26500282\/\">Control of Pim2 kinase stability and expression in transformed human haematopoietic cells.<\/a><\/p><p><!-- \/wp:paragraph --><\/p><p><!-- wp:paragraph --><\/p><p>Adam K, Lambert M, Lestang E, Champenois G, Dusanter-Fourt I, Tamburini J, Bouscary D, Lacombe C, Zermati Y, Mayeux P. Biosci Rep. 2015 Oct 23;35(6):e00274. doi: 10.1042\/BSR20150217. PMID: 26500282 Free PMC article.<\/p><p><!-- \/wp:paragraph --><\/p><p><!-- wp:paragraph --><\/p><p><a href=\"https:\/\/pubmed.ncbi.nlm.nih.gov\/26601252\/\">Pim kinases modulate resistance to FLT3 tyrosine kinase inhibitors in FLT3-ITD acute myeloid leukemia.<\/a><\/p><p><!-- \/wp:paragraph --><\/p><p><!-- wp:paragraph --><\/p><p>Green AS, Maciel TT, Hospital MA, Yin C, Mazed F, Townsend EC, Pilorge S, Lambert M, Paubelle E, Jacquel A, Zylbersztejn F, Decroocq J, Poulain L, Sujobert P, Jacque N, Adam K, So JC, Kosmider O, Auberger P, Hermine O, Weinstock DM, Lacombe C, Mayeux P, Vanasse GJ, Leung AY, Moura IC, Bouscary D, Tamburini J. Sci Adv. 2015 Sep 18;1(8):e1500221. doi: 10.1126\/sciadv.1500221. eCollection 2015 Sep. PMID: 26601252 Free PMC article.<\/p><p><!-- \/wp:paragraph --><\/p><p><!-- wp:paragraph --><\/p><p><a href=\"https:\/\/pubmed.ncbi.nlm.nih.gov\/23637779\/\">Tyrosine kinase inhibitors induce down-regulation of c-Kit by targeting the ATP pocket.<\/a><\/p><p><!-- \/wp:paragraph --><\/p><p><!-- wp:paragraph --><\/p><p>D&#8217;allard D, Gay J, Descarpentries C, Frisan E, Adam K, Verdier F, Floquet C, Dubreuil P, Lacombe C, Fontenay M, Mayeux P, Kosmider O. PLoS One. 2013 Apr 23;8(4):e60961. doi: 10.1371\/journal.pone.0060961. Print 2013. PMID: 23637779 Free PMC article.<\/p><p><!-- \/wp:paragraph --><\/p><p><!-- wp:paragraph --><\/p><p>Mezger STP, Mingels AMA, Bekers O, Heeren RMA, Cillero-Pastor B. Anal Chem. 2021 Feb 2;93(4):2527-2533. doi: 10.1021\/acs.analchem.0c04572. Epub 2021 Jan 7. PMID: 33412004 Free PMC article.<\/p><p><!-- \/wp:paragraph --><\/p><p><!-- wp:paragraph --><\/p><p><a href=\"https:\/\/pubmed.ncbi.nlm.nih.gov\/30422637\/\">Specific Lipid and Metabolic Profiles of R-CHOP-Resistant Diffuse Large B-Cell Lymphoma Elucidated by Matrix-Assisted Laser Desorption Ionization Mass Spectrometry Imaging and in Vivo Imaging.<\/a><\/p><p><!-- \/wp:paragraph --><\/p><p><!-- wp:paragraph --><\/p><p>Barr\u00e9 FPY, Claes BSR, Dewez F, Peutz-Kootstra C, Munch-Petersen HF, Gr\u00f8nb\u00e6k K, Lund AH, Heeren RMA, C\u00f4me C, Cillero-Pastor B. Anal Chem. 2018 Dec 18;90(24):14198-14206. doi: 10.1021\/acs.analchem.8b02910. Epub 2018 Dec 4. PMID: 30422637 Free PMC article.<\/p><p><!-- \/wp:paragraph --><\/p><p><!-- wp:paragraph --><\/p><p><a href=\"https:\/\/pubmed.ncbi.nlm.nih.gov\/36430335\/\">Protein Alterations in Cardiac Ischemia\/Reperfusion Revealed by Spatial-Omics.<\/a><\/p><p><!-- \/wp:paragraph --><\/p><p><!-- wp:paragraph --><\/p><p>Mezger STP, Mingels AMA, Souli\u00e9 M, Peutz-Kootstra CJ, Bekers O, Mulder P, Heeren RMA, Cillero-Pastor B. Int J Mol Sci. 2022 Nov 10;23(22):13847. doi: 10.3390\/ijms232213847. PMID: 36430335 Free PMC article.<\/p><p><!-- \/wp:paragraph --><\/p><p><!-- wp:paragraph --><\/p><p><a href=\"https:\/\/pubmed.ncbi.nlm.nih.gov\/37505238\/\">Matrix-assisted laser desorption\/ionization mass spectrometry imaging (MALDI-MSI) reveals potential lipid markers between infrapatellar fat pad biopsies of osteoarthritis and cartilage defect patients.<\/a><\/p><p><!-- \/wp:paragraph --><\/p><p><!-- wp:paragraph --><\/p><p>Haartmans MJJ, Claes BSR, Eijkel GB, Emanuel KS, Tuijthof GJM, Heeren RMA, Emans PJ, Cillero-Pastor B. Anal Bioanal Chem. 2023 Oct;415(24):5997-6007. doi: 10.1007\/s00216-023-04871-9. Epub 2023 Jul 28. PMID: 37505238 Free PMC article.<\/p><p><!-- \/wp:paragraph --><\/p><p><!-- wp:paragraph --><\/p><p><a href=\"https:\/\/www.e-cancer.fr\/Professionnels-de-sante\/Les-chiffres-du-cancer-en-France\/Epidemiologie-des-cancers\/Les-cancers-les-plus-frequents\/Cancer-colorectal\">https:\/\/www.e-cancer.fr\/Professionnels-de-sante\/Les-chiffres-du-cancer-en-France\/Epidemiologie-des-cancers\/Les-cancers-les-plus-frequents\/Cancer-colorectal<\/a><\/p><p><!-- \/wp:paragraph --><\/p><p><!-- wp:paragraph --><\/p><p><a href=\"https:\/\/www.e-cancer.fr\/Comprendre-prevenir-depister\/Se-faire-depister\/Depistage-du-cancer-colorectal\">https:\/\/www.e-cancer.fr\/Comprendre-prevenir-depister\/Se-faire-depister\/Depistage-du-cancer-colorectal<\/a><\/p><p><!-- \/wp:paragraph --><\/p><p><!-- wp:paragraph --><\/p><p><a href=\"https:\/\/www.who.int\/news-room\/fact-sheets\/detail\/colorectal-cancer\">https:\/\/www.who.int\/news-room\/fact-sheets\/detail\/colorectal-cancer<\/a><\/p><p><!-- \/wp:paragraph --><\/p><p><!-- wp:paragraph --><\/p><p><a href=\"https:\/\/pubmed.ncbi.nlm.nih.gov\/?term=Colorectal+cancer&amp;sort=date\">https:\/\/pubmed.ncbi.nlm.nih.gov\/?term=Colorectal+cancer&amp;sort=date<\/a><\/p><p><!-- \/wp:paragraph --><\/p><p><!-- wp:paragraph --><\/p><p><a href=\"https:\/\/clinicaltrials.gov\/search?cond=Colorectal%20Cancer\">https:\/\/clinicaltrials.gov\/search?cond=Colorectal%20Cancer<\/a><\/p><p>Fritz, J., Lefebvre, O., Fernandez, A., Schmidt, J., &amp; Bagnard, D. (2020a). Prediction of Drug Efficacy in Colon Cancer Preclinical Models Using a Novel Ranking Method of Gene Expression. Cancers, 12(1), 149.\u00a0<a href=\"https:\/\/doi.org\/10.3390\/cancers12010149\" target=\"_blank\" rel=\"noopener\" data-saferedirecturl=\"https:\/\/www.google.com\/url?q=https:\/\/doi.org\/10.3390\/cancers12010149&amp;source=gmail&amp;ust=1757753163692000&amp;usg=AOvVaw1A5zWrMI-BOFGRaQlCgXGa\">https:\/\/doi.org\/10.3390\/<wbr \/>cancers12010149<\/a>\u00a0Published 08\/01\/2020<\/p><p>Verlingue, L., Morel, D., Schaeffer, M., Tanguy, L., Schmidt, J., Bernhard, J., Loubaton, B., &amp; Bagnard, D. (2021). Denoised VEGFR2 expression relates to sunitinib\u00a0efficacy in advanced clear cell renal cell carcinoma. Biomed J Sci &amp; Tech Res, doi: 10.26717\/bjstr.2022.40.006529. Published 11\/01\/2022<\/p><p><!-- \/wp:paragraph --><\/p><p><!-- wp:paragraph --><\/p><p><!-- \/wp:paragraph --><\/p>\t\t\t\t\t\t\t\t<\/div>\n\t\t\t\t<\/div>\n\t\t\t\t\t<\/div>\n\t\t\t\t<\/div>\n\t\t\t\t<\/div>\n\t\t","protected":false},"excerpt":{"rendered":"<p>List of publications N. Sultan, R. Jacobs, T. Mazard, S. Emerit, W. Jacot, M. Vandenbosch, K. Adam, &#8220;Retrospective molecular profiling of MSI colorectal cancer through spatial multiomic mass spectrometry for predictive correlation to immunotherapy with AI&#8221;. Poster presented at the 3rd edition of the AI for Oncology conference, Milan Italy, May 2025.&nbsp;https:\/\/www.aiforoncology.it\/ The protein histidine [&hellip;]<\/p>\n","protected":false},"author":1,"featured_media":0,"parent":0,"menu_order":0,"comment_status":"closed","ping_status":"closed","template":"","meta":{"footnotes":""},"class_list":["post-477","page","type-page","status-publish","hentry"],"yoast_head":"<!-- This site is optimized with the Yoast SEO plugin v25.8 - https:\/\/yoast.com\/wordpress\/plugins\/seo\/ -->\n<title>List of Publications - Rosetta Omics<\/title>\n<meta name=\"robots\" content=\"index, follow, max-snippet:-1, max-image-preview:large, max-video-preview:-1\" \/>\n<link rel=\"canonical\" href=\"https:\/\/rosetta-omics.com\/?page_id=477\" \/>\n<meta property=\"og:locale\" content=\"en_GB\" \/>\n<meta property=\"og:type\" content=\"article\" \/>\n<meta property=\"og:title\" content=\"List of Publications - Rosetta Omics\" \/>\n<meta property=\"og:description\" content=\"List of publications N. Sultan, R. Jacobs, T. Mazard, S. Emerit, W. Jacot, M. Vandenbosch, K. Adam, &#8220;Retrospective molecular profiling of MSI colorectal cancer through spatial multiomic mass spectrometry for predictive correlation to immunotherapy with AI&#8221;. Poster presented at the 3rd edition of the AI for Oncology conference, Milan Italy, May 2025.&nbsp;https:\/\/www.aiforoncology.it\/ The protein histidine [&hellip;]\" \/>\n<meta property=\"og:url\" content=\"https:\/\/rosetta-omics.com\/?page_id=477\" \/>\n<meta property=\"og:site_name\" content=\"Rosetta Omics\" \/>\n<meta property=\"article:modified_time\" content=\"2025-09-17T10:49:43+00:00\" \/>\n<meta property=\"og:image\" content=\"http:\/\/rosetta-omics.com\/wp-content\/uploads\/2025\/08\/Screenshot-2025-08-27-at-5.52.59-PM-e1757515519830-770x1024.png\" \/>\n<meta name=\"twitter:card\" content=\"summary_large_image\" \/>\n<meta name=\"twitter:label1\" content=\"Estimated reading time\" \/>\n\t<meta name=\"twitter:data1\" content=\"4 minutes\" \/>\n<script type=\"application\/ld+json\" class=\"yoast-schema-graph\">{\"@context\":\"https:\/\/schema.org\",\"@graph\":[{\"@type\":\"WebPage\",\"@id\":\"https:\/\/rosetta-omics.com\/?page_id=477\",\"url\":\"https:\/\/rosetta-omics.com\/?page_id=477\",\"name\":\"List of Publications - Rosetta Omics\",\"isPartOf\":{\"@id\":\"https:\/\/rosetta-omics.com\/#website\"},\"primaryImageOfPage\":{\"@id\":\"https:\/\/rosetta-omics.com\/?page_id=477#primaryimage\"},\"image\":{\"@id\":\"https:\/\/rosetta-omics.com\/?page_id=477#primaryimage\"},\"thumbnailUrl\":\"http:\/\/rosetta-omics.com\/wp-content\/uploads\/2025\/08\/Screenshot-2025-08-27-at-5.52.59-PM-e1757515519830-770x1024.png\",\"datePublished\":\"2025-08-25T14:58:22+00:00\",\"dateModified\":\"2025-09-17T10:49:43+00:00\",\"breadcrumb\":{\"@id\":\"https:\/\/rosetta-omics.com\/?page_id=477#breadcrumb\"},\"inLanguage\":\"en-GB\",\"potentialAction\":[{\"@type\":\"ReadAction\",\"target\":[\"https:\/\/rosetta-omics.com\/?page_id=477\"]}]},{\"@type\":\"ImageObject\",\"inLanguage\":\"en-GB\",\"@id\":\"https:\/\/rosetta-omics.com\/?page_id=477#primaryimage\",\"url\":\"https:\/\/rosetta-omics.com\/wp-content\/uploads\/2025\/08\/Screenshot-2025-08-27-at-5.52.59-PM-e1757515519830.png\",\"contentUrl\":\"https:\/\/rosetta-omics.com\/wp-content\/uploads\/2025\/08\/Screenshot-2025-08-27-at-5.52.59-PM-e1757515519830.png\",\"width\":1264,\"height\":1680},{\"@type\":\"BreadcrumbList\",\"@id\":\"https:\/\/rosetta-omics.com\/?page_id=477#breadcrumb\",\"itemListElement\":[{\"@type\":\"ListItem\",\"position\":1,\"name\":\"Home\",\"item\":\"https:\/\/rosetta-omics.com\/\"},{\"@type\":\"ListItem\",\"position\":2,\"name\":\"List of Publications\"}]},{\"@type\":\"WebSite\",\"@id\":\"https:\/\/rosetta-omics.com\/#website\",\"url\":\"https:\/\/rosetta-omics.com\/\",\"name\":\"Rosetta Omics\",\"description\":\"Our Vision:To redefine cancer care by making precision medicine accessible to every patient. Through the seamless integration of spatial omics, advanced proteomics mass spectrometry, gene expression analysis and advanced AI algorithms, Rosetta Omics envisions a future where each biopsy unlocks clear guidance for diagnosis, treatment selection, and therapeutic discovery, transforming outcomes and accelerating the path to cures. Our Mission:To empower oncologists, clinicians, and pathologists to deliver precision cancer care. From a single tissue slide per patient, our platform enables accurate diagnosis, patient stratification, and prioritization of first-line treatment options, guiding personalized therapy decisions with speed and confidence.\",\"publisher\":{\"@id\":\"https:\/\/rosetta-omics.com\/#organization\"},\"potentialAction\":[{\"@type\":\"SearchAction\",\"target\":{\"@type\":\"EntryPoint\",\"urlTemplate\":\"https:\/\/rosetta-omics.com\/?s={search_term_string}\"},\"query-input\":{\"@type\":\"PropertyValueSpecification\",\"valueRequired\":true,\"valueName\":\"search_term_string\"}}],\"inLanguage\":\"en-GB\"},{\"@type\":\"Organization\",\"@id\":\"https:\/\/rosetta-omics.com\/#organization\",\"name\":\"Rosetta Omics\",\"url\":\"https:\/\/rosetta-omics.com\/\",\"logo\":{\"@type\":\"ImageObject\",\"inLanguage\":\"en-GB\",\"@id\":\"https:\/\/rosetta-omics.com\/#\/schema\/logo\/image\/\",\"url\":\"https:\/\/rosetta-omics.com\/wp-content\/uploads\/2023\/10\/logo-rect-omics.png\",\"contentUrl\":\"https:\/\/rosetta-omics.com\/wp-content\/uploads\/2023\/10\/logo-rect-omics.png\",\"width\":1729,\"height\":889,\"caption\":\"Rosetta Omics\"},\"image\":{\"@id\":\"https:\/\/rosetta-omics.com\/#\/schema\/logo\/image\/\"}}]}<\/script>\n<!-- \/ Yoast SEO plugin. -->","yoast_head_json":{"title":"List of Publications - Rosetta Omics","robots":{"index":"index","follow":"follow","max-snippet":"max-snippet:-1","max-image-preview":"max-image-preview:large","max-video-preview":"max-video-preview:-1"},"canonical":"https:\/\/rosetta-omics.com\/?page_id=477","og_locale":"en_GB","og_type":"article","og_title":"List of Publications - Rosetta Omics","og_description":"List of publications N. Sultan, R. Jacobs, T. Mazard, S. Emerit, W. Jacot, M. Vandenbosch, K. Adam, &#8220;Retrospective molecular profiling of MSI colorectal cancer through spatial multiomic mass spectrometry for predictive correlation to immunotherapy with AI&#8221;. Poster presented at the 3rd edition of the AI for Oncology conference, Milan Italy, May 2025.&nbsp;https:\/\/www.aiforoncology.it\/ The protein histidine [&hellip;]","og_url":"https:\/\/rosetta-omics.com\/?page_id=477","og_site_name":"Rosetta Omics","article_modified_time":"2025-09-17T10:49:43+00:00","og_image":[{"url":"http:\/\/rosetta-omics.com\/wp-content\/uploads\/2025\/08\/Screenshot-2025-08-27-at-5.52.59-PM-e1757515519830-770x1024.png","type":"","width":"","height":""}],"twitter_card":"summary_large_image","twitter_misc":{"Estimated reading time":"4 minutes"},"schema":{"@context":"https:\/\/schema.org","@graph":[{"@type":"WebPage","@id":"https:\/\/rosetta-omics.com\/?page_id=477","url":"https:\/\/rosetta-omics.com\/?page_id=477","name":"List of Publications - Rosetta Omics","isPartOf":{"@id":"https:\/\/rosetta-omics.com\/#website"},"primaryImageOfPage":{"@id":"https:\/\/rosetta-omics.com\/?page_id=477#primaryimage"},"image":{"@id":"https:\/\/rosetta-omics.com\/?page_id=477#primaryimage"},"thumbnailUrl":"http:\/\/rosetta-omics.com\/wp-content\/uploads\/2025\/08\/Screenshot-2025-08-27-at-5.52.59-PM-e1757515519830-770x1024.png","datePublished":"2025-08-25T14:58:22+00:00","dateModified":"2025-09-17T10:49:43+00:00","breadcrumb":{"@id":"https:\/\/rosetta-omics.com\/?page_id=477#breadcrumb"},"inLanguage":"en-GB","potentialAction":[{"@type":"ReadAction","target":["https:\/\/rosetta-omics.com\/?page_id=477"]}]},{"@type":"ImageObject","inLanguage":"en-GB","@id":"https:\/\/rosetta-omics.com\/?page_id=477#primaryimage","url":"https:\/\/rosetta-omics.com\/wp-content\/uploads\/2025\/08\/Screenshot-2025-08-27-at-5.52.59-PM-e1757515519830.png","contentUrl":"https:\/\/rosetta-omics.com\/wp-content\/uploads\/2025\/08\/Screenshot-2025-08-27-at-5.52.59-PM-e1757515519830.png","width":1264,"height":1680},{"@type":"BreadcrumbList","@id":"https:\/\/rosetta-omics.com\/?page_id=477#breadcrumb","itemListElement":[{"@type":"ListItem","position":1,"name":"Home","item":"https:\/\/rosetta-omics.com\/"},{"@type":"ListItem","position":2,"name":"List of Publications"}]},{"@type":"WebSite","@id":"https:\/\/rosetta-omics.com\/#website","url":"https:\/\/rosetta-omics.com\/","name":"Rosetta Omics","description":"Our Vision:To redefine cancer care by making precision medicine accessible to every patient. Through the seamless integration of spatial omics, advanced proteomics mass spectrometry, gene expression analysis and advanced AI algorithms, Rosetta Omics envisions a future where each biopsy unlocks clear guidance for diagnosis, treatment selection, and therapeutic discovery, transforming outcomes and accelerating the path to cures. Our Mission:To empower oncologists, clinicians, and pathologists to deliver precision cancer care. From a single tissue slide per patient, our platform enables accurate diagnosis, patient stratification, and prioritization of first-line treatment options, guiding personalized therapy decisions with speed and confidence.","publisher":{"@id":"https:\/\/rosetta-omics.com\/#organization"},"potentialAction":[{"@type":"SearchAction","target":{"@type":"EntryPoint","urlTemplate":"https:\/\/rosetta-omics.com\/?s={search_term_string}"},"query-input":{"@type":"PropertyValueSpecification","valueRequired":true,"valueName":"search_term_string"}}],"inLanguage":"en-GB"},{"@type":"Organization","@id":"https:\/\/rosetta-omics.com\/#organization","name":"Rosetta Omics","url":"https:\/\/rosetta-omics.com\/","logo":{"@type":"ImageObject","inLanguage":"en-GB","@id":"https:\/\/rosetta-omics.com\/#\/schema\/logo\/image\/","url":"https:\/\/rosetta-omics.com\/wp-content\/uploads\/2023\/10\/logo-rect-omics.png","contentUrl":"https:\/\/rosetta-omics.com\/wp-content\/uploads\/2023\/10\/logo-rect-omics.png","width":1729,"height":889,"caption":"Rosetta Omics"},"image":{"@id":"https:\/\/rosetta-omics.com\/#\/schema\/logo\/image\/"}}]}},"_links":{"self":[{"href":"https:\/\/rosetta-omics.com\/index.php?rest_route=\/wp\/v2\/pages\/477","targetHints":{"allow":["GET"]}}],"collection":[{"href":"https:\/\/rosetta-omics.com\/index.php?rest_route=\/wp\/v2\/pages"}],"about":[{"href":"https:\/\/rosetta-omics.com\/index.php?rest_route=\/wp\/v2\/types\/page"}],"author":[{"embeddable":true,"href":"https:\/\/rosetta-omics.com\/index.php?rest_route=\/wp\/v2\/users\/1"}],"replies":[{"embeddable":true,"href":"https:\/\/rosetta-omics.com\/index.php?rest_route=%2Fwp%2Fv2%2Fcomments&post=477"}],"version-history":[{"count":30,"href":"https:\/\/rosetta-omics.com\/index.php?rest_route=\/wp\/v2\/pages\/477\/revisions"}],"predecessor-version":[{"id":1810,"href":"https:\/\/rosetta-omics.com\/index.php?rest_route=\/wp\/v2\/pages\/477\/revisions\/1810"}],"wp:attachment":[{"href":"https:\/\/rosetta-omics.com\/index.php?rest_route=%2Fwp%2Fv2%2Fmedia&parent=477"}],"curies":[{"name":"wp","href":"https:\/\/api.w.org\/{rel}","templated":true}]}}